{"id":286,"date":"2016-10-31T13:17:59","date_gmt":"2016-10-31T16:17:59","guid":{"rendered":"https:\/\/ifdlasgarcitas-cha.infd.edu.ar\/sitio\/?page_id=286"},"modified":"2025-03-13T10:07:05","modified_gmt":"2025-03-13T13:07:05","slug":"inicio","status":"publish","type":"page","link":"https:\/\/ifdlasgarcitas-cha.infd.edu.ar\/sitio\/","title":{"rendered":"INSCRIPCI\u00d3N  OFERTA ACAD\u00c9MICA 2025"},"content":{"rendered":"\n<p class=\"has-text-align-center\">NO ESPERES MAS- INGRESA AL FORMULARIO DE INSCRIPCI\u00d3N<\/p>\n\n\n\n<h5 class=\"wp-block-heading alignwide has-text-align-center\">FORMULARIO DE INSCRIPCI\u00d3N <\/h5>\n\n\n\n<p class=\"has-text-align-center\"><img decoding=\"async\" loading=\"lazy\" width=\"512\" height=\"512\" class=\"wp-image-1057\" style=\"width: 150px;\" src=\"https:\/\/ifdlasgarcitas-cha.infd.edu.ar\/sitio\/wp-content\/uploads\/2024\/03\/arrows-down_7017780.png\" alt=\"\" srcset=\"https:\/\/ifdlasgarcitas-cha.infd.edu.ar\/sitio\/wp-content\/uploads\/2024\/03\/arrows-down_7017780.png 512w, https:\/\/ifdlasgarcitas-cha.infd.edu.ar\/sitio\/wp-content\/uploads\/2024\/03\/arrows-down_7017780-500x500.png 500w\" sizes=\"(max-width: 512px) 100vw, 512px\" \/><\/p>\n\n\n\n<p class=\"has-text-align-left\">hace clic aqu\u00ed para acceder al formulario de  inscripci\u00f3n online <a rel=\"noreferrer noopener\" href=\"https:\/\/docs.google.com\/forms\/d\/e\/1FAIpQLSdh1LYWjJuPnas-er30IGV7RorLROxKvVZmn51jPtlOSUV2qA\/viewform?usp=sharing\" data-type=\"URL\" data-id=\"https:\/\/docs.google.com\/forms\/d\/e\/1FAIpQLSdrNUMpF8UFHNDPFUc3xORZXCb117dfU0rU1gmmM66FE3p83g\/viewform?usp=sharing\" target=\"_blank\"><strong>FORMULARIO<\/strong><\/a><\/p>\n\n\n\n<pre class=\"wp-block-preformatted\"><\/pre>\n\n\n\n<p class=\"has-text-align-center\"><\/p>\n\n\n\n<figure class=\"wp-block-gallery has-nested-images columns-default is-cropped wp-block-gallery-1 is-layout-flex\">\n<figure class=\"wp-block-image size-large is-style-default\"><img decoding=\"async\" loading=\"lazy\" width=\"761\" height=\"271\" data-id=\"1065\"  src=\"https:\/\/ifdlasgarcitas-cha.infd.edu.ar\/sitio\/wp-content\/uploads\/2024\/03\/emprender.png\" alt=\"\" class=\"wp-image-1065\"\/><\/figure>\n<\/figure>\n\n\n<div class=\"wp-block-image\">\n<figure class=\"aligncenter size-full is-resized\"><img decoding=\"async\" loading=\"lazy\" src=\"https:\/\/ifdlasgarcitas-cha.infd.edu.ar\/sitio\/wp-content\/uploads\/2024\/11\/frase.png\" alt=\"\" class=\"wp-image-1132\" width=\"521\" height=\"535\"\/><\/figure><\/div>\n\n\n<p class=\"has-text-align-center\"><\/p>\n","protected":false},"excerpt":{"rendered":"<p>NO ESPERES MAS- INGRESA AL FORMULARIO DE INSCRIPCI\u00d3N FORMULARIO DE INSCRIPCI\u00d3N hace clic aqu\u00ed para acceder al formulario de inscripci\u00f3n online FORMULARIO<\/p>\n","protected":false},"author":1,"featured_media":0,"parent":298,"menu_order":2,"comment_status":"closed","ping_status":"closed","template":"","meta":[],"acf":[],"_links":{"self":[{"href":"https:\/\/ifdlasgarcitas-cha.infd.edu.ar\/sitio\/wp-json\/wp\/v2\/pages\/286"}],"collection":[{"href":"https:\/\/ifdlasgarcitas-cha.infd.edu.ar\/sitio\/wp-json\/wp\/v2\/pages"}],"about":[{"href":"https:\/\/ifdlasgarcitas-cha.infd.edu.ar\/sitio\/wp-json\/wp\/v2\/types\/page"}],"author":[{"embeddable":true,"href":"https:\/\/ifdlasgarcitas-cha.infd.edu.ar\/sitio\/wp-json\/wp\/v2\/users\/1"}],"replies":[{"embeddable":true,"href":"https:\/\/ifdlasgarcitas-cha.infd.edu.ar\/sitio\/wp-json\/wp\/v2\/comments?post=286"}],"version-history":[{"count":278,"href":"https:\/\/ifdlasgarcitas-cha.infd.edu.ar\/sitio\/wp-json\/wp\/v2\/pages\/286\/revisions"}],"predecessor-version":[{"id":1138,"href":"https:\/\/ifdlasgarcitas-cha.infd.edu.ar\/sitio\/wp-json\/wp\/v2\/pages\/286\/revisions\/1138"}],"up":[{"embeddable":true,"href":"https:\/\/ifdlasgarcitas-cha.infd.edu.ar\/sitio\/wp-json\/wp\/v2\/pages\/298"}],"wp:attachment":[{"href":"https:\/\/ifdlasgarcitas-cha.infd.edu.ar\/sitio\/wp-json\/wp\/v2\/media?parent=286"}],"curies":[{"name":"wp","href":"https:\/\/api.w.org\/{rel}","templated":true}]}}